{"id":8,"date":"2020-10-13T11:34:42","date_gmt":"2020-10-13T11:34:42","guid":{"rendered":"https:\/\/aloegel.be\/?page_id=8"},"modified":"2026-03-12T10:25:54","modified_gmt":"2026-03-12T10:25:54","slug":"aloe-gel-huidverzorging-drankaloe-gel-huidverzorging-drank","status":"publish","type":"page","link":"https:\/\/aloegel.be\/","title":{"rendered":"Alo\u00eb gel huidverzorging &amp; drank"},"content":{"rendered":"\n<p>alo\u00eb gel &#8211; huidverzorging. Ecolife heeft een aloe vera Gel om in te nemen maar ook \u00e9\u00e9n voor de huid.<\/p>\n\n\n\n<figure class=\"wp-block-image size-large\"><a href=\"https:\/\/www.ecolife-shop.nl\"><img loading=\"lazy\" decoding=\"async\" width=\"557\" height=\"800\" src=\"https:\/\/aloegel.be\/wp-content\/uploads\/2020\/10\/aloe-vera-ecolife-blad-gel-plantage.jpg\" alt=\"alo\u00eb vera velden. Grote bladeren worden met de hand geoogst.\" class=\"wp-image-20\" srcset=\"https:\/\/aloegel.be\/wp-content\/uploads\/2020\/10\/aloe-vera-ecolife-blad-gel-plantage.jpg 557w, https:\/\/aloegel.be\/wp-content\/uploads\/2020\/10\/aloe-vera-ecolife-blad-gel-plantage-209x300.jpg 209w\" sizes=\"auto, (max-width: 557px) 100vw, 557px\" \/><\/a><figcaption class=\"wp-element-caption\">biologische teelt van alo\u00eb voor Ecolife<\/figcaption><\/figure>\n\n\n\n<p>Alo\u00eb gel gebruiken wij als naam voor alo\u00eb vera drank gemaakt van de geperste gelei en voor huidverzorging gemaakt van de gelei van de aloevera plant.<\/p>\n\n\n\n<h2 class=\"wp-block-heading\">Aloe vera Gel in 1 liter fles.<\/h2>\n\n\n\n<p>Ecolife maakt al ruim 20 jaar aloe vera producten. Voor consumenten en groothandel. Met een ruime ervaring kunnen wij u dan ook de beste kwaliteit leveren.<\/p>\n\n\n<div class=\"wp-block-image is-resized\">\n<figure class=\"aligncenter size-full\"><img loading=\"lazy\" decoding=\"async\" width=\"1024\" height=\"1024\" src=\"https:\/\/aloegel.be\/wp-content\/uploads\/2026\/03\/Ecolife-serie-producten-gezond.png\" alt=\"\" class=\"wp-image-116\" srcset=\"https:\/\/aloegel.be\/wp-content\/uploads\/2026\/03\/Ecolife-serie-producten-gezond.png 1024w, https:\/\/aloegel.be\/wp-content\/uploads\/2026\/03\/Ecolife-serie-producten-gezond-300x300.png 300w, https:\/\/aloegel.be\/wp-content\/uploads\/2026\/03\/Ecolife-serie-producten-gezond-150x150.png 150w, https:\/\/aloegel.be\/wp-content\/uploads\/2026\/03\/Ecolife-serie-producten-gezond-768x768.png 768w, https:\/\/aloegel.be\/wp-content\/uploads\/2026\/03\/Ecolife-serie-producten-gezond-860x860.png 860w\" sizes=\"auto, (max-width: 1024px) 100vw, 1024px\" \/><figcaption class=\"wp-element-caption\">ecolife aloe vera producten<\/figcaption><\/figure>\n<\/div>\n\n\n<p>Omdat wij enkel biologisch geteelde alo\u00eb gebruiken van volwassen bladeren die met de hand verwerkt worden bevat deze kwaliteit absoluut het hoogste aandeel aan Aloverose en Aloesolids<\/p>\n\n\n\n<p>De kwaliteit van alo\u00eb vermindert snel indien men de alo\u00eb verwarmd. Door verwarming\/ verhitting breken vele belangrijke moleculen af en enzymen verliezen hun werking.<\/p>\n\n\n\n<p>Vele merken aloe vera zijn volledig gepasteuriseerd. Dit is te zien aan de ingredi\u00ebntenlijst. Zit er enkel aloe vera in het product, dus totaal geen toevoeging dan kunt u ervan uit gaan dat het minimaal is gepasteuriseerd of erger, gekookt is.<\/p>\n\n\n\n<p>Alo\u00eb vera gel is zeer gevoelig voor schimmel en bacteriegroei. Daarom wordt er meestal citroenzuur, potassium en sodiumbenzoaat toegevoegd.<\/p>\n\n\n\n<p>Biologisch gekeurde alo\u00eb dranken bevatten meestal citroenzuur en soms wat extra vitamine C als toevoeging om schimmel en bacteriegroei tegen te gaan. Maar zoals bij alle ongepasteuriseerde (biologische) groente, fruit en sappen is er altijd een kleine kans op schimmel. Dit is bij alo\u00eb vera makkelijk te zien. Er zitten dan zwarte vlekken aan de binnenkant van de dop. Drink het niet op, gooi het weg en maak een foto voor de winkel waar u het heeft gekocht.<\/p>\n\n\n\n<p>Ecolife staat voor topkwaliteit &#8211; al meer dan 25 jaar.<\/p>\n\n\n<div class=\"wp-block-image\">\n<figure class=\"aligncenter size-full\"><img loading=\"lazy\" decoding=\"async\" width=\"600\" height=\"200\" src=\"https:\/\/aloegel.be\/wp-content\/uploads\/2025\/03\/gluten_animals_vegan_premium-quality_bio_organic_aloe_ecolife.jpg\" alt=\"Ecolife aloe vera - aloevera - producten. Van biologische plantages.\" class=\"wp-image-108\" srcset=\"https:\/\/aloegel.be\/wp-content\/uploads\/2025\/03\/gluten_animals_vegan_premium-quality_bio_organic_aloe_ecolife.jpg 600w, https:\/\/aloegel.be\/wp-content\/uploads\/2025\/03\/gluten_animals_vegan_premium-quality_bio_organic_aloe_ecolife-300x100.jpg 300w\" sizes=\"auto, (max-width: 600px) 100vw, 600px\" \/><\/figure>\n<\/div>\n\n\n<p><strong>Ecolife <a href=\"https:\/\/www.ecolife-shop.nl\/\">Aloe Vera Gel<\/a> <\/strong>in de literfles is ongepasteuriseerd en bevat 0.3% citroenzuur, 0.1% potassium en 0.1% sodium benzoaat.<\/p>\n\n\n\n<p>Ecolife Bio <a href=\"https:\/\/www.ecolife-shop.nl\/c-3736046\/aloe-vera-juice-100-biologisch-inwendig\/\">Premium Aloe vera Juice<\/a> in de literfles is ongepasteuriseerd en bevat puur fijn gemalen alo\u00eb gel plus 0.2% citroenzuur<\/p>\n\n\n\n<h2 class=\"wp-block-heading\">Aloe Vera Huidgel &#8211; gelly creme<\/h2>\n\n\n\n<p>Gel voor de huid wordt gemaakt van dezelfde alo\u00eb die Ecolife gebruikt voor haar dranken. Aloe vera van biologisch geteelde planten. Er wordt enkel gebruik van gel uit het binnenblad. Dit is dus Food kwaliteit alo\u00eb.<\/p>\n\n\n\n<p>De <a href=\"https:\/\/www.ecolife-shop.nl\/c-3611441\/aloe-gel-pure-huidgelei\/\">Huidgel<\/a> bevat 95% zuivere Food Grade aloe vera, aangevuld met kruiden extracten en huidverwenners zoals allantoine.<\/p>\n\n\n\n<figure class=\"wp-block-image size-full is-resized\"><a href=\"https:\/\/www.ecolife-shop.nl\/c-7257428\/aloe-pure-huid-gelei\/\"><img loading=\"lazy\" decoding=\"async\" width=\"1024\" height=\"1024\" src=\"https:\/\/aloegel.be\/wp-content\/uploads\/2026\/03\/Aloe_Vera_Gelly_180ml_creme.png\" alt=\"aloe vera gel huid gelei. Ecolife organic aloe\" class=\"wp-image-118\" srcset=\"https:\/\/aloegel.be\/wp-content\/uploads\/2026\/03\/Aloe_Vera_Gelly_180ml_creme.png 1024w, https:\/\/aloegel.be\/wp-content\/uploads\/2026\/03\/Aloe_Vera_Gelly_180ml_creme-300x300.png 300w, https:\/\/aloegel.be\/wp-content\/uploads\/2026\/03\/Aloe_Vera_Gelly_180ml_creme-150x150.png 150w, https:\/\/aloegel.be\/wp-content\/uploads\/2026\/03\/Aloe_Vera_Gelly_180ml_creme-768x768.png 768w, https:\/\/aloegel.be\/wp-content\/uploads\/2026\/03\/Aloe_Vera_Gelly_180ml_creme-860x860.png 860w\" sizes=\"auto, (max-width: 1024px) 100vw, 1024px\" \/><\/a><figcaption class=\"wp-element-caption\">ecolife alo\u00eb gelly creme 95% Food Grade AloeVera + kruidenextracten<\/figcaption><\/figure>\n\n\n\n<h3 class=\"wp-block-heading\">Alo\u00eb gel &#8211; huidverzorging &amp; drank<\/h3>\n\n\n\n<p>Bestellen of meer informatie? Kijk eens in de <a href=\"https:\/\/www.ecolife-shop.nl\">online shop<\/a><\/p>\n\n\n\n<p><\/p>\n","protected":false},"excerpt":{"rendered":"<p>alo\u00eb vera gel. Alo\u00eb vera wordt zowel voor de huid alsook als drank gebruikt. Ecolife Aloe vera producten<\/p>\n","protected":false},"author":1,"featured_media":30,"parent":0,"menu_order":0,"comment_status":"closed","ping_status":"closed","template":"","meta":{"footnotes":""},"class_list":["post-8","page","type-page","status-publish","has-post-thumbnail","hentry"],"yoast_head":"<!-- This site is optimized with the Yoast SEO plugin v27.5 - https:\/\/yoast.com\/product\/yoast-seo-wordpress\/ -->\n<title>Alo\u00eb gel huidverzorging &amp; drank - aloegel<\/title>\n<meta name=\"description\" content=\"Alo\u00eb gel - huidverzorging &amp; drank. De beste alo\u00eb voor uw huid alsook in een grote fles om in te nemen. Ecolife alo\u00eb vera.\" \/>\n<meta name=\"robots\" content=\"index, follow, max-snippet:-1, max-image-preview:large, max-video-preview:-1\" \/>\n<link rel=\"canonical\" href=\"https:\/\/aloegel.be\/\" \/>\n<meta property=\"og:locale\" content=\"nl_NL\" \/>\n<meta property=\"og:type\" content=\"article\" \/>\n<meta property=\"og:title\" content=\"Alo\u00eb gel huidverzorging &amp; drank - aloegel\" \/>\n<meta property=\"og:description\" content=\"Alo\u00eb gel - huidverzorging &amp; drank. De beste alo\u00eb voor uw huid alsook in een grote fles om in te nemen. Ecolife alo\u00eb vera.\" \/>\n<meta property=\"og:url\" content=\"https:\/\/aloegel.be\/\" \/>\n<meta property=\"og:site_name\" content=\"aloegel\" \/>\n<meta property=\"article:modified_time\" content=\"2026-03-12T10:25:54+00:00\" \/>\n<meta property=\"og:image\" content=\"https:\/\/aloegel.be\/wp-content\/uploads\/2022\/06\/Aloe_google_pic-scaled.jpg\" \/>\n\t<meta property=\"og:image:width\" content=\"2560\" \/>\n\t<meta property=\"og:image:height\" content=\"1340\" \/>\n\t<meta property=\"og:image:type\" content=\"image\/jpeg\" \/>\n<meta name=\"twitter:card\" content=\"summary_large_image\" \/>\n<meta name=\"twitter:label1\" content=\"Geschatte leestijd\" \/>\n\t<meta name=\"twitter:data1\" content=\"4 minuten\" \/>\n<script type=\"application\/ld+json\" class=\"yoast-schema-graph\">{\"@context\":\"https:\\\/\\\/schema.org\",\"@graph\":[{\"@type\":\"WebPage\",\"@id\":\"https:\\\/\\\/aloegel.be\\\/\",\"url\":\"https:\\\/\\\/aloegel.be\\\/\",\"name\":\"Alo\u00eb gel huidverzorging &amp; drank - aloegel\",\"isPartOf\":{\"@id\":\"https:\\\/\\\/aloegel.be\\\/#website\"},\"primaryImageOfPage\":{\"@id\":\"https:\\\/\\\/aloegel.be\\\/#primaryimage\"},\"image\":{\"@id\":\"https:\\\/\\\/aloegel.be\\\/#primaryimage\"},\"thumbnailUrl\":\"https:\\\/\\\/aloegel.be\\\/wp-content\\\/uploads\\\/2022\\\/06\\\/Aloe_google_pic-scaled.jpg\",\"datePublished\":\"2020-10-13T11:34:42+00:00\",\"dateModified\":\"2026-03-12T10:25:54+00:00\",\"description\":\"Alo\u00eb gel - huidverzorging & drank. De beste alo\u00eb voor uw huid alsook in een grote fles om in te nemen. Ecolife alo\u00eb vera.\",\"breadcrumb\":{\"@id\":\"https:\\\/\\\/aloegel.be\\\/#breadcrumb\"},\"inLanguage\":\"nl-NL\",\"potentialAction\":[{\"@type\":\"ReadAction\",\"target\":[\"https:\\\/\\\/aloegel.be\\\/\"]}]},{\"@type\":\"ImageObject\",\"inLanguage\":\"nl-NL\",\"@id\":\"https:\\\/\\\/aloegel.be\\\/#primaryimage\",\"url\":\"https:\\\/\\\/aloegel.be\\\/wp-content\\\/uploads\\\/2022\\\/06\\\/Aloe_google_pic-scaled.jpg\",\"contentUrl\":\"https:\\\/\\\/aloegel.be\\\/wp-content\\\/uploads\\\/2022\\\/06\\\/Aloe_google_pic-scaled.jpg\",\"width\":2560,\"height\":1340,\"caption\":\"aloe vera\"},{\"@type\":\"BreadcrumbList\",\"@id\":\"https:\\\/\\\/aloegel.be\\\/#breadcrumb\",\"itemListElement\":[{\"@type\":\"ListItem\",\"position\":1,\"name\":\"Home\",\"item\":\"https:\\\/\\\/aloegel.be\\\/\"},{\"@type\":\"ListItem\",\"position\":2,\"name\":\"Alo\u00eb gel huidverzorging &amp; drank\"}]},{\"@type\":\"WebSite\",\"@id\":\"https:\\\/\\\/aloegel.be\\\/#website\",\"url\":\"https:\\\/\\\/aloegel.be\\\/\",\"name\":\"aloegel\",\"description\":\"aloegel puur en zuiver\",\"publisher\":{\"@id\":\"https:\\\/\\\/aloegel.be\\\/#organization\"},\"potentialAction\":[{\"@type\":\"SearchAction\",\"target\":{\"@type\":\"EntryPoint\",\"urlTemplate\":\"https:\\\/\\\/aloegel.be\\\/?s={search_term_string}\"},\"query-input\":{\"@type\":\"PropertyValueSpecification\",\"valueRequired\":true,\"valueName\":\"search_term_string\"}}],\"inLanguage\":\"nl-NL\"},{\"@type\":\"Organization\",\"@id\":\"https:\\\/\\\/aloegel.be\\\/#organization\",\"name\":\"aloegel\",\"url\":\"https:\\\/\\\/aloegel.be\\\/\",\"logo\":{\"@type\":\"ImageObject\",\"inLanguage\":\"nl-NL\",\"@id\":\"https:\\\/\\\/aloegel.be\\\/#\\\/schema\\\/logo\\\/image\\\/\",\"url\":\"https:\\\/\\\/aloegel.be\\\/wp-content\\\/uploads\\\/2024\\\/01\\\/cropped-Ecolife_Logo_Health_Supplies.jpg\",\"contentUrl\":\"https:\\\/\\\/aloegel.be\\\/wp-content\\\/uploads\\\/2024\\\/01\\\/cropped-Ecolife_Logo_Health_Supplies.jpg\",\"width\":500,\"height\":500,\"caption\":\"aloegel\"},\"image\":{\"@id\":\"https:\\\/\\\/aloegel.be\\\/#\\\/schema\\\/logo\\\/image\\\/\"}}]}<\/script>\n<!-- \/ Yoast SEO plugin. -->","yoast_head_json":{"title":"Alo\u00eb gel huidverzorging &amp; drank - aloegel","description":"Alo\u00eb gel - huidverzorging & drank. De beste alo\u00eb voor uw huid alsook in een grote fles om in te nemen. Ecolife alo\u00eb vera.","robots":{"index":"index","follow":"follow","max-snippet":"max-snippet:-1","max-image-preview":"max-image-preview:large","max-video-preview":"max-video-preview:-1"},"canonical":"https:\/\/aloegel.be\/","og_locale":"nl_NL","og_type":"article","og_title":"Alo\u00eb gel huidverzorging &amp; drank - aloegel","og_description":"Alo\u00eb gel - huidverzorging & drank. De beste alo\u00eb voor uw huid alsook in een grote fles om in te nemen. Ecolife alo\u00eb vera.","og_url":"https:\/\/aloegel.be\/","og_site_name":"aloegel","article_modified_time":"2026-03-12T10:25:54+00:00","og_image":[{"width":2560,"height":1340,"url":"https:\/\/aloegel.be\/wp-content\/uploads\/2022\/06\/Aloe_google_pic-scaled.jpg","type":"image\/jpeg"}],"twitter_card":"summary_large_image","twitter_misc":{"Geschatte leestijd":"4 minuten"},"schema":{"@context":"https:\/\/schema.org","@graph":[{"@type":"WebPage","@id":"https:\/\/aloegel.be\/","url":"https:\/\/aloegel.be\/","name":"Alo\u00eb gel huidverzorging &amp; drank - aloegel","isPartOf":{"@id":"https:\/\/aloegel.be\/#website"},"primaryImageOfPage":{"@id":"https:\/\/aloegel.be\/#primaryimage"},"image":{"@id":"https:\/\/aloegel.be\/#primaryimage"},"thumbnailUrl":"https:\/\/aloegel.be\/wp-content\/uploads\/2022\/06\/Aloe_google_pic-scaled.jpg","datePublished":"2020-10-13T11:34:42+00:00","dateModified":"2026-03-12T10:25:54+00:00","description":"Alo\u00eb gel - huidverzorging & drank. De beste alo\u00eb voor uw huid alsook in een grote fles om in te nemen. Ecolife alo\u00eb vera.","breadcrumb":{"@id":"https:\/\/aloegel.be\/#breadcrumb"},"inLanguage":"nl-NL","potentialAction":[{"@type":"ReadAction","target":["https:\/\/aloegel.be\/"]}]},{"@type":"ImageObject","inLanguage":"nl-NL","@id":"https:\/\/aloegel.be\/#primaryimage","url":"https:\/\/aloegel.be\/wp-content\/uploads\/2022\/06\/Aloe_google_pic-scaled.jpg","contentUrl":"https:\/\/aloegel.be\/wp-content\/uploads\/2022\/06\/Aloe_google_pic-scaled.jpg","width":2560,"height":1340,"caption":"aloe vera"},{"@type":"BreadcrumbList","@id":"https:\/\/aloegel.be\/#breadcrumb","itemListElement":[{"@type":"ListItem","position":1,"name":"Home","item":"https:\/\/aloegel.be\/"},{"@type":"ListItem","position":2,"name":"Alo\u00eb gel huidverzorging &amp; drank"}]},{"@type":"WebSite","@id":"https:\/\/aloegel.be\/#website","url":"https:\/\/aloegel.be\/","name":"aloegel","description":"aloegel puur en zuiver","publisher":{"@id":"https:\/\/aloegel.be\/#organization"},"potentialAction":[{"@type":"SearchAction","target":{"@type":"EntryPoint","urlTemplate":"https:\/\/aloegel.be\/?s={search_term_string}"},"query-input":{"@type":"PropertyValueSpecification","valueRequired":true,"valueName":"search_term_string"}}],"inLanguage":"nl-NL"},{"@type":"Organization","@id":"https:\/\/aloegel.be\/#organization","name":"aloegel","url":"https:\/\/aloegel.be\/","logo":{"@type":"ImageObject","inLanguage":"nl-NL","@id":"https:\/\/aloegel.be\/#\/schema\/logo\/image\/","url":"https:\/\/aloegel.be\/wp-content\/uploads\/2024\/01\/cropped-Ecolife_Logo_Health_Supplies.jpg","contentUrl":"https:\/\/aloegel.be\/wp-content\/uploads\/2024\/01\/cropped-Ecolife_Logo_Health_Supplies.jpg","width":500,"height":500,"caption":"aloegel"},"image":{"@id":"https:\/\/aloegel.be\/#\/schema\/logo\/image\/"}}]}},"_links":{"self":[{"href":"https:\/\/aloegel.be\/index.php\/wp-json\/wp\/v2\/pages\/8","targetHints":{"allow":["GET"]}}],"collection":[{"href":"https:\/\/aloegel.be\/index.php\/wp-json\/wp\/v2\/pages"}],"about":[{"href":"https:\/\/aloegel.be\/index.php\/wp-json\/wp\/v2\/types\/page"}],"author":[{"embeddable":true,"href":"https:\/\/aloegel.be\/index.php\/wp-json\/wp\/v2\/users\/1"}],"replies":[{"embeddable":true,"href":"https:\/\/aloegel.be\/index.php\/wp-json\/wp\/v2\/comments?post=8"}],"version-history":[{"count":12,"href":"https:\/\/aloegel.be\/index.php\/wp-json\/wp\/v2\/pages\/8\/revisions"}],"predecessor-version":[{"id":119,"href":"https:\/\/aloegel.be\/index.php\/wp-json\/wp\/v2\/pages\/8\/revisions\/119"}],"wp:featuredmedia":[{"embeddable":true,"href":"https:\/\/aloegel.be\/index.php\/wp-json\/wp\/v2\/media\/30"}],"wp:attachment":[{"href":"https:\/\/aloegel.be\/index.php\/wp-json\/wp\/v2\/media?parent=8"}],"curies":[{"name":"wp","href":"https:\/\/api.w.org\/{rel}","templated":true}]}}